{"id":2689,"date":"2015-01-15T11:26:07","date_gmt":"2015-01-15T10:26:07","guid":{"rendered":"https:\/\/www.mundospartners.de\/beispiel-seite-2\/"},"modified":"2022-02-24T16:21:20","modified_gmt":"2022-02-24T15:21:20","slug":"beispiel-seite-2","status":"publish","type":"page","link":"https:\/\/www.mundospartners.de\/pt-br\/","title":{"rendered":"Home"},"content":{"rendered":"<div id=\"pl-2689\"  class=\"panel-layout\" ><div id=\"pg-2689-0\"  class=\"panel-grid panel-no-style\" ><div id=\"pgc-2689-0-0\"  class=\"panel-grid-cell\" ><div id=\"panel-2689-0-0-0\" class=\"so-panel widget widget_main-visual panel-first-child panel-last-child\" data-index=\"0\" ><div\n\t\t\t\n\t\t\tclass=\"so-widget-main-visual so-widget-main-visual-style-3610d7724a81-2689\"\n\t\t\t\n\t\t><div class=\"main-visual\"><div class=\"main-visual-aspectratio\"><\/div>\n  <div class=\"main-visual-text\">\n    <p>Apto para a Interculturalidade<\/p>  <\/div>\n<\/div>\n<\/div><\/div><\/div><\/div><div id=\"pg-2689-1\"  class=\"panel-grid panel-no-style\" ><div id=\"pgc-2689-1-0\"  class=\"panel-grid-cell\" ><div id=\"panel-2689-1-0-0\" class=\"so-panel widget widget_sow-editor panel-first-child\" data-index=\"1\" ><div\n\t\t\t\n\t\t\tclass=\"so-widget-sow-editor so-widget-sow-editor-base\"\n\t\t\t\n\t\t><h2 class=\"widget-title\">Compet\u00eancia intercultural<\/h2>\n<div class=\"siteorigin-widget-tinymce textwidget\">\n\t<p>A compet\u00eancia intercultural \u00e9 de grande import\u00e2ncia para as empresas e organiza\u00e7\u00f5es que operam internacionalmente. Para ter sucesso na coopera\u00e7\u00e3o internacional os especialistas e gerentes tem que enforcar duma forma especial o trabalho em equipe.<\/p>\n<p>Mundos Partners \u00e9 o seu contato para lidar com a diversidade cultural e com diferentes formas de pensar e negociar. Desenvolvemos juntos com voc\u00ea\u00a0 solu\u00e7\u00f5es de acordo com as necessidades dos nossos clientes.<\/p>\n<\/div>\n<\/div><\/div><div id=\"panel-2689-1-0-1\" class=\"so-panel widget widget_sow-editor panel-last-child\" data-index=\"2\" ><div\n\t\t\t\n\t\t\tclass=\"so-widget-sow-editor so-widget-sow-editor-base\"\n\t\t\t\n\t\t><h2 class=\"widget-title\">Nosso foco de pa\u00edses: <\/h2>\n<div class=\"siteorigin-widget-tinymce textwidget\">\n\t<ul>\n<li>\n<h3><strong><span style=\"color: #0000ff;\">Alemanha<\/span><\/strong><\/h3>\n<\/li>\n<li>\n<h3><strong><span style=\"color: #0000ff;\">Am\u00e9rica Latina<\/span><\/strong><\/h3>\n<\/li>\n<\/ul>\n<p>&nbsp;<\/p>\n<p>&nbsp;<\/p>\n<\/div>\n<\/div><\/div><\/div><div id=\"pgc-2689-1-1\"  class=\"panel-grid-cell\" ><div id=\"panel-2689-1-1-0\" class=\"so-panel widget widget_sow-editor panel-first-child\" data-index=\"3\" ><div\n\t\t\t\n\t\t\tclass=\"so-widget-sow-editor so-widget-sow-editor-base\"\n\t\t\t\n\t\t><h2 class=\"widget-title\">Areas de trabalho:<\/h2>\n<div class=\"siteorigin-widget-tinymce textwidget\">\n\t<p>&nbsp;<\/p>\n<ul>\n<li>Compet\u00eancia intercultural \/Comunica\u00e7\u00e3o<\/li>\n<li>Digitaliza\u00e7\u00e3o e interculturalidade no mundo laboral<\/li>\n<li>Gest\u00e3o em sa\u00fade intercultural<\/li>\n<\/ul>\n<\/div>\n<\/div><\/div><div id=\"panel-2689-1-1-1\" class=\"so-panel widget widget_sow-image\" data-index=\"4\" ><div\n\t\t\t\n\t\t\tclass=\"so-widget-sow-image so-widget-sow-image-default-8b5b6f678277-2689\"\n\t\t\t\n\t\t>\n<div class=\"sow-image-container\">\n\t\t<img \n\tsrc=\"https:\/\/www.mundospartners.de\/wp-content\/uploads\/2020\/03\/logo-UWM-prozesseraterin.jpg\" width=\"400\" height=\"169\" srcset=\"https:\/\/www.mundospartners.de\/wp-content\/uploads\/2020\/03\/logo-UWM-prozesseraterin.jpg 400w, https:\/\/www.mundospartners.de\/wp-content\/uploads\/2020\/03\/logo-UWM-prozesseraterin-300x127.jpg 300w\" sizes=\"(max-width: 400px) 100vw, 400px\" title=\"UWM-prozesseraterin\" alt=\"UWM-prozesseraterin\" \t\tclass=\"so-widget-image\"\/>\n\t<\/div>\n\n<\/div><\/div><div id=\"panel-2689-1-1-2\" class=\"so-panel widget widget_sow-editor panel-last-child\" data-index=\"5\" ><div\n\t\t\t\n\t\t\tclass=\"so-widget-sow-editor so-widget-sow-editor-base\"\n\t\t\t\n\t\t><h2 class=\"widget-title\">Consultora credenciada por:  unternehmensWert:Mensch<\/h2>\n<div class=\"siteorigin-widget-tinymce textwidget\">\n\t<p>O programa unternehmensWert:Mensch plus \u00e9 financiado pelo Minist\u00e9rio Federal do Trabalho e Assuntos Sociais e pelo Fundo Social Europeu.<br \/>\nMais informa\u00e7oes em:<br \/>\n<a href=\"https:\/\/www.untenehmens-wert-mensch.de\">www.untenehmens-wert-mensch.de<\/a><\/p>\n<\/div>\n<\/div><\/div><\/div><\/div><\/div>","protected":false},"excerpt":{"rendered":"<p>A compet\u00eancia intercultural \u00e9 de grande import\u00e2ncia para as empresas e organiza\u00e7\u00f5es que operam internacionalmente. Para ter sucesso na coopera\u00e7\u00e3o internacional os especialistas e gerentes tem que enforcar duma forma especial o trabalho em equipe. Mundos Partners \u00e9 o seu contato para lidar com a diversidade cultural e com diferentes formas de pensar e negociar. &hellip; <a href=\"https:\/\/www.mundospartners.de\/pt-br\/\">more<\/a><\/p>\n","protected":false},"author":2,"featured_media":0,"parent":0,"menu_order":0,"comment_status":"closed","ping_status":"closed","template":"","meta":{"footnotes":""},"class_list":["post-2689","page","type-page","status-publish","hentry"],"_links":{"self":[{"href":"https:\/\/www.mundospartners.de\/pt-br\/wp-json\/wp\/v2\/pages\/2689","targetHints":{"allow":["GET"]}}],"collection":[{"href":"https:\/\/www.mundospartners.de\/pt-br\/wp-json\/wp\/v2\/pages"}],"about":[{"href":"https:\/\/www.mundospartners.de\/pt-br\/wp-json\/wp\/v2\/types\/page"}],"author":[{"embeddable":true,"href":"https:\/\/www.mundospartners.de\/pt-br\/wp-json\/wp\/v2\/users\/2"}],"replies":[{"embeddable":true,"href":"https:\/\/www.mundospartners.de\/pt-br\/wp-json\/wp\/v2\/comments?post=2689"}],"version-history":[{"count":25,"href":"https:\/\/www.mundospartners.de\/pt-br\/wp-json\/wp\/v2\/pages\/2689\/revisions"}],"predecessor-version":[{"id":2927,"href":"https:\/\/www.mundospartners.de\/pt-br\/wp-json\/wp\/v2\/pages\/2689\/revisions\/2927"}],"wp:attachment":[{"href":"https:\/\/www.mundospartners.de\/pt-br\/wp-json\/wp\/v2\/media?parent=2689"}],"curies":[{"name":"wp","href":"https:\/\/api.w.org\/{rel}","templated":true}]}}