{"id":153,"date":"2015-02-12T02:57:27","date_gmt":"2015-02-12T01:57:27","guid":{"rendered":"https:\/\/www.mundospartners.de\/ueber-uns-2\/"},"modified":"2025-03-14T15:29:38","modified_gmt":"2025-03-14T14:29:38","slug":"sobre-nos","status":"publish","type":"page","link":"https:\/\/www.mundospartners.de\/pt-br\/sobre-nos\/","title":{"rendered":"Sobre n\u00f3s"},"content":{"rendered":"<div id=\"pl-153\"  class=\"panel-layout\" ><div id=\"pg-153-0\"  class=\"panel-grid panel-no-style\" ><div id=\"pgc-153-0-0\"  class=\"panel-grid-cell\" ><div id=\"panel-153-0-0-0\" class=\"so-panel widget widget_main-visual panel-first-child panel-last-child\" data-index=\"0\" ><div\n\t\t\t\n\t\t\tclass=\"so-widget-main-visual so-widget-main-visual-style-7083ee25ac32-153\"\n\t\t\t\n\t\t><div class=\"main-visual\"><div class=\"main-visual-aspectratio\"><\/div>\n  <div class=\"main-visual-text\">\n    <p>Promover a coopera\u00e7\u00e3o internacional<\/p>  <\/div>\n<\/div>\n<\/div><\/div><\/div><\/div><div id=\"pg-153-1\"  class=\"panel-grid panel-no-style\" ><div id=\"pgc-153-1-0\"  class=\"panel-grid-cell\" ><div id=\"panel-153-1-0-0\" class=\"so-panel widget widget_sow-image panel-first-child\" data-index=\"1\" ><div class=\"panel-widget-style panel-widget-style-for-153-1-0-0\" ><div\n\t\t\t\n\t\t\tclass=\"so-widget-sow-image so-widget-sow-image-default-64047dd420f0-153\"\n\t\t\t\n\t\t>\n<div class=\"sow-image-container\">\n\t\t<img \n\tsrc=\"https:\/\/www.mundospartners.de\/wp-content\/uploads\/2020\/03\/TeamCarolinaNEU.jpg\" width=\"261\" height=\"259\" srcset=\"https:\/\/www.mundospartners.de\/wp-content\/uploads\/2020\/03\/TeamCarolinaNEU.jpg 261w, https:\/\/www.mundospartners.de\/wp-content\/uploads\/2020\/03\/TeamCarolinaNEU-150x150.jpg 150w\" sizes=\"(max-width: 261px) 100vw, 261px\" title=\"Carolina Butto Zarzar\" alt=\"Carolina\" \t\tclass=\"so-widget-image\"\/>\n\t<\/div>\n\n<\/div><\/div><\/div><div id=\"panel-153-1-0-1\" class=\"so-panel widget widget_sow-editor\" data-index=\"2\" ><div\n\t\t\t\n\t\t\tclass=\"so-widget-sow-editor so-widget-sow-editor-base\"\n\t\t\t\n\t\t><h2 class=\"widget-title\">Carolina Butto Zarzar<\/h2>\n<div class=\"siteorigin-widget-tinymce textwidget\">\n\t<ul>\n<li>Mestre em Soci\u00f3logia (Ruprecht-Karls-Universidade de Heidelberg) <\/li>\n<li>Professora de p\u00f3s-gradua\u00e7\u00e3o (Universidade Cat\u00f3lica de Pernambuco - UNICAP, Brasil) <\/li>\n<\/ul>\n<h3>Foco de pa\u00edses:  Alemanha e Am\u00e9rica Latina <\/h3>\n<\/div>\n<\/div><\/div><div id=\"panel-153-1-0-2\" class=\"so-panel widget widget_sow-editor panel-last-child\" data-index=\"3\" ><div\n\t\t\t\n\t\t\tclass=\"so-widget-sow-editor so-widget-sow-editor-base\"\n\t\t\t\n\t\t><h2 class=\"widget-title\">Areas de trabalho:<\/h2>\n<div class=\"siteorigin-widget-tinymce textwidget\">\n\t<ul>\n<li>Desenvolvimento organizacional internacional <\/li>\n<li>Consultoria de processo<\/li>\n<li>Fach- und F\u00fchrungskr\u00e4fteentwicklung<\/li>\n<li>Desenvolvimento especializado e gerencial<\/li>\n<li>Compet\u00eancia \/ comunica\u00e7\u00e3o intercultural Forma\u00e7\u00e3o profissional e digitaliza\u00e7\u00e3o<\/li>\n<li>Supervis\u00e3o<\/li>\n<li>Gest\u00e3o em sa\u00fade<\/li>\n<li>Autor<\/li>\n<\/ul>\n<\/div>\n<\/div><\/div><\/div><div id=\"pgc-153-1-1\"  class=\"panel-grid-cell\" ><div id=\"panel-153-1-1-0\" class=\"so-panel widget widget_sow-image panel-first-child\" data-index=\"4\" ><div\n\t\t\t\n\t\t\tclass=\"so-widget-sow-image so-widget-sow-image-default-64047dd420f0-153\"\n\t\t\t\n\t\t>\n<div class=\"sow-image-container\">\n\t\t<img \n\tsrc=\"https:\/\/www.mundospartners.de\/wp-content\/uploads\/2020\/03\/TeamHaraldNEU.jpg\" width=\"261\" height=\"259\" srcset=\"https:\/\/www.mundospartners.de\/wp-content\/uploads\/2020\/03\/TeamHaraldNEU.jpg 261w, https:\/\/www.mundospartners.de\/wp-content\/uploads\/2020\/03\/TeamHaraldNEU-150x150.jpg 150w\" sizes=\"(max-width: 261px) 100vw, 261px\" title=\"Harald Wolfram Klein\" alt=\"Harald\" \t\tclass=\"so-widget-image\"\/>\n\t<\/div>\n\n<\/div><\/div><div id=\"panel-153-1-1-1\" class=\"so-panel widget widget_sow-editor\" data-index=\"5\" ><div\n\t\t\t\n\t\t\tclass=\"so-widget-sow-editor so-widget-sow-editor-base\"\n\t\t\t\n\t\t><h2 class=\"widget-title\">Harald Wolfram Klein<\/h2>\n<div class=\"siteorigin-widget-tinymce textwidget\">\n\t<ul>\n<li>Dipl.-Ing. Engenharia mec\u00e2nica (FH Karlsruhe) <\/li>\n<\/ul>\n<h3>Foco no pa\u00eds: Alemanha<\/h3>\n<\/div>\n<\/div><\/div><div id=\"panel-153-1-1-2\" class=\"so-panel widget widget_sow-editor panel-last-child\" data-index=\"6\" ><div\n\t\t\t\n\t\t\tclass=\"so-widget-sow-editor so-widget-sow-editor-base\"\n\t\t\t\n\t\t><h2 class=\"widget-title\">Areas de trabalho:<\/h2>\n<div class=\"siteorigin-widget-tinymce textwidget\">\n\t<ul>\n<li>Desenvolvimento de RH<\/li>\n<li>Treinamento e treinamento<\/li>\n<li>Gest\u00e3o de RH<\/li>\n<li>Gest\u00e3o de recursos humanos<\/li>\n<li>Gest\u00e3o da diversidade<\/li>\n<li>Autor<\/li>\n<\/ul>\n<\/div>\n<\/div><\/div><\/div><\/div><div id=\"pg-153-2\"  class=\"panel-grid panel-no-style\" ><div id=\"pgc-153-2-0\"  class=\"panel-grid-cell\" ><div id=\"panel-153-2-0-0\" class=\"so-panel widget widget_sow-headline panel-first-child panel-last-child\" data-index=\"7\" ><div\n\t\t\t\n\t\t\tclass=\"so-widget-sow-headline so-widget-sow-headline-default-35c2583c5dca-153\"\n\t\t\t\n\t\t><div class=\"sow-headline-container \">\n\t\t\t\t\t\t\t<h2 class=\"sow-headline\">\n\t\t\t\t\t\tPublikationen \u201eKarriere machen \u2013 Beruflich vorankommen mit den F\u00fcnf-Punkte-Plan\u201c von Harald Wolfram Klein &amp; Carolina Butto Zarzar  \t\t\t\t\t\t<\/h2>\n\t\t\t\t\t\t<\/div>\n<\/div><\/div><\/div><\/div><div id=\"pg-153-3\"  class=\"panel-grid panel-no-style\" ><div id=\"pgc-153-3-0\"  class=\"panel-grid-cell\" ><div id=\"panel-153-3-0-0\" class=\"so-panel widget widget_sow-image panel-first-child panel-last-child\" data-index=\"8\" ><div\n\t\t\t\n\t\t\tclass=\"so-widget-sow-image so-widget-sow-image-default-8b5b6f678277-153\"\n\t\t\t\n\t\t>\n<div class=\"sow-image-container\">\n\t\t<img \n\tsrc=\"https:\/\/www.mundospartners.de\/wp-content\/uploads\/2020\/03\/BuchKarriere.png\" width=\"207\" height=\"314\" srcset=\"https:\/\/www.mundospartners.de\/wp-content\/uploads\/2020\/03\/BuchKarriere.png 207w, https:\/\/www.mundospartners.de\/wp-content\/uploads\/2020\/03\/BuchKarriere-198x300.png 198w\" sizes=\"(max-width: 207px) 100vw, 207px\" title=\"Buch &#8211; Karriere machen\" alt=\"Buch - Karriere machen\" \t\tclass=\"so-widget-image\"\/>\n\t<\/div>\n\n<\/div><\/div><\/div><div id=\"pgc-153-3-1\"  class=\"panel-grid-cell\" ><div id=\"panel-153-3-1-0\" class=\"so-panel widget widget_sow-editor panel-first-child\" data-index=\"9\" ><div\n\t\t\t\n\t\t\tclass=\"so-widget-sow-editor so-widget-sow-editor-base\"\n\t\t\t\n\t\t>\n<div class=\"siteorigin-widget-tinymce textwidget\">\n\t<\/div>\n<\/div><\/div><div id=\"panel-153-3-1-1\" class=\"so-panel widget widget_sow-button panel-last-child\" data-index=\"10\" ><div\n\t\t\t\n\t\t\tclass=\"so-widget-sow-button so-widget-sow-button-atom-24c56a000d30-153\"\n\t\t\t\n\t\t><div class=\"ow-button-base ow-button-align-left\"\n>\n\t\t\t<a\n\t\t\t\t\thref=\"https:\/\/shop.haufe.de\/prod\/karriere-machen\"\n\t\t\t\t\tclass=\"sowb-button ow-icon-placement-left ow-button-hover\" \t>\n\t\t<span>\n\t\t\t<span class=\"sow-icon-fontawesome sow-fas\" data-sow-icon=\"&#xf218;\"\n\t\tstyle=\"\" \n\t\taria-hidden=\"true\"><\/span>\n\t\t\tEncomende este livro\t\t<\/span>\n\t\t\t<\/a>\n\t<\/div>\n<\/div><\/div><\/div><\/div><div id=\"pg-153-4\"  class=\"panel-grid panel-no-style\" ><div id=\"pgc-153-4-0\"  class=\"panel-grid-cell panel-grid-cell-mobile-last\" ><div id=\"panel-153-4-0-0\" class=\"so-panel widget widget_sow-image panel-first-child\" data-index=\"11\" ><div\n\t\t\t\n\t\t\tclass=\"so-widget-sow-image so-widget-sow-image-default-15be6fc1a39e-153\"\n\t\t\t\n\t\t>\n<div class=\"sow-image-container\">\n\t\t<img \n\tsrc=\"https:\/\/www.mundospartners.de\/wp-content\/uploads\/2020\/03\/TeamKalpanaNEU.jpg\" width=\"261\" height=\"259\" srcset=\"https:\/\/www.mundospartners.de\/wp-content\/uploads\/2020\/03\/TeamKalpanaNEU.jpg 261w, https:\/\/www.mundospartners.de\/wp-content\/uploads\/2020\/03\/TeamKalpanaNEU-150x150.jpg 150w\" sizes=\"(max-width: 261px) 100vw, 261px\" title=\"Kalpana Padmanabha\" alt=\"Kalpana\" \t\tclass=\"so-widget-image\"\/>\n\t<\/div>\n\n<\/div><\/div><div id=\"panel-153-4-0-1\" class=\"so-panel widget widget_sow-editor\" data-index=\"12\" ><div\n\t\t\t\n\t\t\tclass=\"so-widget-sow-editor so-widget-sow-editor-base\"\n\t\t\t\n\t\t><h2 class=\"widget-title\">Kalpana Padmanabha<\/h2>\n<div class=\"siteorigin-widget-tinymce textwidget\">\n\t<ul>\n<li>Administra\u00e7\u00e3o de empresas internacionais com especializa\u00e7\u00e3o em gest\u00e3o internacional - Friedrich Alexander University Erlangen-Nuremberg<\/li>\n<\/ul>\n<h3>Foco de pa\u00edses: Alemanha e \u00cdndia<\/h3>\n<\/div>\n<\/div><\/div><div id=\"panel-153-4-0-2\" class=\"so-panel widget widget_sow-editor panel-last-child\" data-index=\"13\" ><div\n\t\t\t\n\t\t\tclass=\"so-widget-sow-editor so-widget-sow-editor-base\"\n\t\t\t\n\t\t><h2 class=\"widget-title\">Areas de trabalho:<\/h2>\n<div class=\"siteorigin-widget-tinymce textwidget\">\n\t<ul>\n<li>Gerenciamento comercial de projetos<\/li>\n<li>Relat\u00f3rios e controle da planta<\/li>\n<li>Consci\u00eancia Intercultural \u00cdndia-Alemanha<\/li>\n<li>Conselho para expatriados indianos<\/li>\n<li>Assessoria a empresas e organiza\u00e7\u00f5es<\/li>\n<li>Consultoria de neg\u00f3cios e treinamento intercultural<\/li>\n<\/ul>\n<\/div>\n<\/div><\/div><\/div><div id=\"pgc-153-4-1\"  class=\"panel-grid-cell panel-grid-cell-empty\" ><\/div><\/div><\/div>","protected":false},"excerpt":{"rendered":"<p>Mestre em Soci\u00f3logia (Ruprecht-Karls-Universidade de Heidelberg) Professora de p\u00f3s-gradua\u00e7\u00e3o (Universidade Cat\u00f3lica de Pernambuco &#8211; UNICAP, Brasil) Foco de pa\u00edses: Alemanha e Am\u00e9rica Latina Desenvolvimento organizacional internacional Consultoria de processo Fach- und F\u00fchrungskr\u00e4fteentwicklung Desenvolvimento especializado e gerencial Compet\u00eancia \/ comunica\u00e7\u00e3o intercultural Forma\u00e7\u00e3o profissional e digitaliza\u00e7\u00e3o Supervis\u00e3o Gest\u00e3o em sa\u00fade Autor Dipl.-Ing. Engenharia mec\u00e2nica (FH Karlsruhe) Foco &hellip; <a href=\"https:\/\/www.mundospartners.de\/pt-br\/sobre-nos\/\">more<\/a><\/p>\n","protected":false},"author":2,"featured_media":0,"parent":0,"menu_order":10,"comment_status":"closed","ping_status":"closed","template":"","meta":{"footnotes":""},"class_list":["post-153","page","type-page","status-publish","hentry"],"_links":{"self":[{"href":"https:\/\/www.mundospartners.de\/pt-br\/wp-json\/wp\/v2\/pages\/153","targetHints":{"allow":["GET"]}}],"collection":[{"href":"https:\/\/www.mundospartners.de\/pt-br\/wp-json\/wp\/v2\/pages"}],"about":[{"href":"https:\/\/www.mundospartners.de\/pt-br\/wp-json\/wp\/v2\/types\/page"}],"author":[{"embeddable":true,"href":"https:\/\/www.mundospartners.de\/pt-br\/wp-json\/wp\/v2\/users\/2"}],"replies":[{"embeddable":true,"href":"https:\/\/www.mundospartners.de\/pt-br\/wp-json\/wp\/v2\/comments?post=153"}],"version-history":[{"count":96,"href":"https:\/\/www.mundospartners.de\/pt-br\/wp-json\/wp\/v2\/pages\/153\/revisions"}],"predecessor-version":[{"id":2962,"href":"https:\/\/www.mundospartners.de\/pt-br\/wp-json\/wp\/v2\/pages\/153\/revisions\/2962"}],"wp:attachment":[{"href":"https:\/\/www.mundospartners.de\/pt-br\/wp-json\/wp\/v2\/media?parent=153"}],"curies":[{"name":"wp","href":"https:\/\/api.w.org\/{rel}","templated":true}]}}