{"id":150,"date":"2015-02-12T02:58:45","date_gmt":"2015-02-12T01:58:45","guid":{"rendered":"https:\/\/www.mundospartners.de\/referenzen-2\/"},"modified":"2018-12-03T15:19:11","modified_gmt":"2018-12-03T14:19:11","slug":"referenzen","status":"publish","type":"page","link":"https:\/\/www.mundospartners.de\/pt-br\/referenzen\/","title":{"rendered":"Refer\u00eancias"},"content":{"rendered":"<div id=\"pl-150\"  class=\"panel-layout\" ><div id=\"pg-150-0\"  class=\"panel-grid panel-no-style\" ><div id=\"pgc-150-0-0\"  class=\"panel-grid-cell\" ><div id=\"panel-150-0-0-0\" class=\"so-panel widget widget_main-visual panel-first-child panel-last-child\" data-index=\"0\" ><div\n\t\t\t\n\t\t\tclass=\"so-widget-main-visual so-widget-main-visual-style-3b73c76ec501-150\"\n\t\t\t\n\t\t><div class=\"main-visual\"><div class=\"main-visual-aspectratio\"><\/div>\n  <div class=\"main-visual-text\">\n      <\/div>\n<\/div>\n<\/div><\/div><\/div><\/div><div id=\"pg-150-1\"  class=\"panel-grid panel-no-style\" ><div id=\"pgc-150-1-0\"  class=\"panel-grid-cell\" ><div id=\"panel-150-1-0-0\" class=\"so-panel widget widget_black-studio-tinymce widget_black_studio_tinymce panel-first-child panel-last-child\" data-index=\"1\" ><div class=\"textwidget\"><h1>Nossas Refer\u00eancias (Exemplos)<\/h1>\n<ul>\n<li>Daimler AG - Mercedes Benz<\/li>\n<li>IVECO Magirus AG<\/li>\n<li>GIZ Deutsche Gesellschaft f\u00fcr Internationale Zusammenarbeit<\/li>\n<li>AIZ Akademie f\u00fcr Internationale Zusammenarbeit<\/li>\n<li>IHK - C\u00e2mara de Com\u00e9rcio e Ind\u00fastria Brasil-Alemanha<\/li>\n<li>Confedera\u00e7\u00e3o Nacional da Ind\u00fastria no Brasil CNI - SESI, SENAI, IEL em Curitiba, Paran\u00e1, Vit\u00f3ria do Esp\u00edritu Santo e Goi\u00e2nia, Goi\u00e1s (GIZ).<\/li>\n<li>KIT - Karlsruher Institut f\u00fcr Technologie<\/li>\n<li>Engagement Global - Service f\u00fcr Entwicklungsinitiativen gGmbH<\/li>\n<li>DKSM gGmbH<\/li>\n<li>Stiftung des Deutschen Instituts f\u00fcr Katastrophenmedizin<\/li>\n<li>Caritas Verband<\/li>\n<li>Universit\u00e4tsklinikum Hamburg-Eppendorf UKE<\/li>\n<li>Hochschule Karlsruhe, Neu-Ulm, Worms<\/li>\n<li>Stadt Stuttgart, Stadt Ulm, Stadt Mainz<\/li>\n<li>KEK - Karlsruher Energie- und Klimaschutzagentur gGmbH<\/li>\n<li>AOK Ulm-Biberach<\/li>\n<\/ul>\n<\/div><\/div><\/div><\/div><\/div>","protected":false},"excerpt":{"rendered":"<p>Nossas Refer\u00eancias (Exemplos) Daimler AG &#8211; Mercedes Benz IVECO Magirus AG GIZ Deutsche Gesellschaft f\u00fcr Internationale Zusammenarbeit AIZ Akademie f\u00fcr Internationale Zusammenarbeit IHK &#8211; C\u00e2mara de Com\u00e9rcio e Ind\u00fastria Brasil-Alemanha Confedera\u00e7\u00e3o Nacional da Ind\u00fastria no Brasil CNI &#8211; SESI, SENAI, IEL em Curitiba, Paran\u00e1, Vit\u00f3ria do Esp\u00edritu Santo e Goi\u00e2nia, Goi\u00e1s (GIZ). KIT &#8211; Karlsruher &hellip; <a href=\"https:\/\/www.mundospartners.de\/pt-br\/referenzen\/\">more<\/a><\/p>\n","protected":false},"author":2,"featured_media":0,"parent":0,"menu_order":40,"comment_status":"closed","ping_status":"closed","template":"","meta":{"footnotes":""},"class_list":["post-150","page","type-page","status-publish","hentry"],"_links":{"self":[{"href":"https:\/\/www.mundospartners.de\/pt-br\/wp-json\/wp\/v2\/pages\/150","targetHints":{"allow":["GET"]}}],"collection":[{"href":"https:\/\/www.mundospartners.de\/pt-br\/wp-json\/wp\/v2\/pages"}],"about":[{"href":"https:\/\/www.mundospartners.de\/pt-br\/wp-json\/wp\/v2\/types\/page"}],"author":[{"embeddable":true,"href":"https:\/\/www.mundospartners.de\/pt-br\/wp-json\/wp\/v2\/users\/2"}],"replies":[{"embeddable":true,"href":"https:\/\/www.mundospartners.de\/pt-br\/wp-json\/wp\/v2\/comments?post=150"}],"version-history":[{"count":11,"href":"https:\/\/www.mundospartners.de\/pt-br\/wp-json\/wp\/v2\/pages\/150\/revisions"}],"predecessor-version":[{"id":2100,"href":"https:\/\/www.mundospartners.de\/pt-br\/wp-json\/wp\/v2\/pages\/150\/revisions\/2100"}],"wp:attachment":[{"href":"https:\/\/www.mundospartners.de\/pt-br\/wp-json\/wp\/v2\/media?parent=150"}],"curies":[{"name":"wp","href":"https:\/\/api.w.org\/{rel}","templated":true}]}}