{"id":147,"date":"2015-02-12T02:59:46","date_gmt":"2015-02-12T01:59:46","guid":{"rendered":"https:\/\/www.mundospartners.de\/publikationen-2\/"},"modified":"2019-09-17T21:13:40","modified_gmt":"2019-09-17T19:13:40","slug":"publikationen","status":"publish","type":"page","link":"https:\/\/www.mundospartners.de\/pt-br\/publikationen\/","title":{"rendered":"Publica\u00e7\u00f5es"},"content":{"rendered":"<div id=\"pl-147\"  class=\"panel-layout\" ><div id=\"pg-147-0\"  class=\"panel-grid panel-no-style\" ><div id=\"pgc-147-0-0\"  class=\"panel-grid-cell\" ><div id=\"panel-147-0-0-0\" class=\"so-panel widget widget_main-visual panel-first-child panel-last-child\" data-index=\"0\" ><div\n\t\t\t\n\t\t\tclass=\"so-widget-main-visual so-widget-main-visual-style-88ffaa20fcf8-147\"\n\t\t\t\n\t\t><div class=\"main-visual\"><div class=\"main-visual-aspectratio\"><\/div>\n  <div class=\"main-visual-text\">\n      <\/div>\n<\/div>\n<\/div><\/div><\/div><\/div><div id=\"pg-147-1\"  class=\"panel-grid panel-no-style\" ><div id=\"pgc-147-1-0\"  class=\"panel-grid-cell\" ><div id=\"panel-147-1-0-0\" class=\"so-panel widget widget_black-studio-tinymce widget_black_studio_tinymce panel-first-child panel-last-child\" data-index=\"1\" ><div class=\"textwidget\"><h1><strong>Publica\u00e7\u00f5es<\/strong><\/h1>\n<\/div><\/div><\/div><\/div><div id=\"pg-147-2\"  class=\"panel-grid panel-no-style\" ><div id=\"pgc-147-2-0\"  class=\"panel-grid-cell\" ><div id=\"panel-147-2-0-0\" class=\"so-panel widget widget_black-studio-tinymce widget_black_studio_tinymce panel-first-child panel-last-child\" data-index=\"2\" ><div class=\"textwidget\"><h2><span style=\"color: #000000;\"><strong>2018<\/strong><\/span><\/h2>\n<p>&nbsp;<\/p>\n<h2><span style=\"color: #000000;\"><strong>2013<\/strong><\/span><\/h2>\n<\/div><\/div><\/div><div id=\"pgc-147-2-1\"  class=\"panel-grid-cell\" ><div id=\"panel-147-2-1-0\" class=\"so-panel widget widget_black-studio-tinymce widget_black_studio_tinymce panel-first-child panel-last-child\" data-index=\"3\" ><div class=\"textwidget\"><p class=\"p1\"><span class=\"s1\">Butto Zarzar, Carolina: <strong>\"Culture Cases Brasilien - Sich im Spiegel der Anderen fremd werden\"<\/strong> Ed. Akademie f\u00fcr internationale Zusammenarbeit (AIZ). Deutsche Gesellschaft f\u00fcr internationale Zusammenarbeit (GIZ) GmbH, Bonn, Juli 2018<\/span><\/p>\n<p class=\"p1\"><span class=\"s1\"><br \/>\n<\/span><strong>\u201eWas ist Diversity? Oder Kann man Vielfalt managen?\u201c<\/strong><br \/>\nSpektrum \u2013 Zeitschrift der Hochschule Ludwigshafen am Rhein (Spektrum 12\/2013)<\/p>\n<p class=\"p1\"><span class=\"s1\">Butto Zarzar, Carolina und Wassmann, Elena:<br \/>\n<\/span><strong>\u201eNeugier, Geduld und Motivation als Voraussetzung f\u00fcr die kulturelle Vielfalt im Alltag\u201c<\/strong><br \/>\nSpektrum- Zeitschrift der Hochschule Ludwigshafen am Rhein<\/p>\n<\/div><\/div><\/div><\/div><div id=\"pg-147-3\"  class=\"panel-grid panel-no-style\" ><div id=\"pgc-147-3-0\"  class=\"panel-grid-cell\" ><div id=\"panel-147-3-0-0\" class=\"so-panel widget widget_black-studio-tinymce widget_black_studio_tinymce panel-first-child panel-last-child\" data-index=\"4\" ><div class=\"textwidget\"><h2><strong><span style=\"color: #000000;\">2012<\/span><\/strong><\/h2>\n<\/div><\/div><\/div><div id=\"pgc-147-3-1\"  class=\"panel-grid-cell\" ><div id=\"panel-147-3-1-0\" class=\"so-panel widget widget_black-studio-tinymce widget_black_studio_tinymce panel-first-child panel-last-child\" data-index=\"5\" ><div class=\"textwidget\"><p class=\"p1\"><span class=\"s1\">Butto Zarzar, Carolina und Klein, Harald:<br \/><\/span><strong>\u201eWarum sind Frauen so wichtig f\u00fcr die Arbeitswelt\u201c<\/strong><br \/>eXperimenta Magazin, Ausgabe Oktober 2012<\/p>\n<\/div><\/div><\/div><\/div><div id=\"pg-147-4\"  class=\"panel-grid panel-no-style\" ><div id=\"pgc-147-4-0\"  class=\"panel-grid-cell\" ><div id=\"panel-147-4-0-0\" class=\"so-panel widget widget_black-studio-tinymce widget_black_studio_tinymce panel-first-child panel-last-child\" data-index=\"6\" ><div class=\"textwidget\"><h2><span style=\"color: #000000;\"><strong>1999<\/strong><\/span><\/h2>\n<\/div><\/div><\/div><div id=\"pgc-147-4-1\"  class=\"panel-grid-cell\" ><div id=\"panel-147-4-1-0\" class=\"so-panel widget widget_black-studio-tinymce widget_black_studio_tinymce panel-first-child panel-last-child\" data-index=\"7\" ><div class=\"textwidget\"><p class=\"p1\"><span class=\"s1\">Butto Zarzar, Carolina:<br \/><\/span><strong>\u201eEvaluierung der Fortbildungen f\u00fcr Berufsplanung und Schulleitung\u201c<\/strong><br \/>Unver\u00f6ffentlichtes Gutachten im Auftrag des Bundesministeriums f\u00fcr wirtschaftliche Zusammenarbeit (BMZ) und der Deutschen Gesellschaft f\u00fcr Internationale Zusammenarbeit (GIZ)<\/p>\n<\/div><\/div><\/div><\/div><div id=\"pg-147-5\"  class=\"panel-grid panel-no-style\" ><div id=\"pgc-147-5-0\"  class=\"panel-grid-cell\" ><div id=\"panel-147-5-0-0\" class=\"so-panel widget widget_black-studio-tinymce widget_black_studio_tinymce panel-first-child panel-last-child\" data-index=\"8\" ><div class=\"textwidget\"><h2><span style=\"color: #000000;\"><strong>1994<\/strong><\/span><\/h2>\n<\/div><\/div><\/div><div id=\"pgc-147-5-1\"  class=\"panel-grid-cell\" ><div id=\"panel-147-5-1-0\" class=\"so-panel widget widget_black-studio-tinymce widget_black_studio_tinymce panel-first-child panel-last-child\" data-index=\"9\" ><div class=\"textwidget\"><p class=\"p1\"><span class=\"s1\">Ambruster, C.\/ Butto Zarzar, C. \/Hirsch, T.:<br \/><\/span><strong>\u201cOhne Entschuldung keine Entwicklung\u201c.<\/strong><br \/>Zeitschrift der Informationsstelle Lateinamerika, Nr. 179, Oktober 1994<\/p>\n<\/div><\/div><\/div><\/div><\/div>","protected":false},"excerpt":{"rendered":"<p>Publica\u00e7\u00f5es<\/p>\n","protected":false},"author":2,"featured_media":0,"parent":0,"menu_order":70,"comment_status":"closed","ping_status":"closed","template":"","meta":{"footnotes":""},"class_list":["post-147","page","type-page","status-publish","hentry"],"_links":{"self":[{"href":"https:\/\/www.mundospartners.de\/pt-br\/wp-json\/wp\/v2\/pages\/147","targetHints":{"allow":["GET"]}}],"collection":[{"href":"https:\/\/www.mundospartners.de\/pt-br\/wp-json\/wp\/v2\/pages"}],"about":[{"href":"https:\/\/www.mundospartners.de\/pt-br\/wp-json\/wp\/v2\/types\/page"}],"author":[{"embeddable":true,"href":"https:\/\/www.mundospartners.de\/pt-br\/wp-json\/wp\/v2\/users\/2"}],"replies":[{"embeddable":true,"href":"https:\/\/www.mundospartners.de\/pt-br\/wp-json\/wp\/v2\/comments?post=147"}],"version-history":[{"count":10,"href":"https:\/\/www.mundospartners.de\/pt-br\/wp-json\/wp\/v2\/pages\/147\/revisions"}],"predecessor-version":[{"id":2344,"href":"https:\/\/www.mundospartners.de\/pt-br\/wp-json\/wp\/v2\/pages\/147\/revisions\/2344"}],"wp:attachment":[{"href":"https:\/\/www.mundospartners.de\/pt-br\/wp-json\/wp\/v2\/media?parent=147"}],"curies":[{"name":"wp","href":"https:\/\/api.w.org\/{rel}","templated":true}]}}