{"id":144,"date":"2015-02-12T02:58:22","date_gmt":"2015-02-12T01:58:22","guid":{"rendered":"https:\/\/www.mundospartners.de\/portfolio-zielgruppen-2\/"},"modified":"2020-04-03T12:44:19","modified_gmt":"2020-04-03T10:44:19","slug":"portfolio","status":"publish","type":"page","link":"https:\/\/www.mundospartners.de\/pt-br\/portfolio\/","title":{"rendered":"Portfolio"},"content":{"rendered":"<div id=\"pl-144\"  class=\"panel-layout\" ><div id=\"pg-144-0\"  class=\"panel-grid panel-no-style\" ><div id=\"pgc-144-0-0\"  class=\"panel-grid-cell\" ><div id=\"panel-144-0-0-0\" class=\"so-panel widget widget_main-visual panel-first-child panel-last-child\" data-index=\"0\" ><div\n\t\t\t\n\t\t\tclass=\"so-widget-main-visual so-widget-main-visual-style-0cc8d0403390-144\"\n\t\t\t\n\t\t><div class=\"main-visual\"><div class=\"main-visual-aspectratio\"><\/div>\n  <div class=\"main-visual-text\">\n    <p>O foco do nosso trabalho est\u00e1 nas pessoas<\/p>  <\/div>\n<\/div>\n<\/div><\/div><\/div><\/div><div id=\"pg-144-1\"  class=\"panel-grid panel-no-style\" ><div id=\"pgc-144-1-0\"  class=\"panel-grid-cell\" ><div id=\"panel-144-1-0-0\" class=\"so-panel widget widget_sow-headline panel-first-child\" data-index=\"1\" ><div class=\"panel-widget-style panel-widget-style-for-144-1-0-0\" ><div\n\t\t\t\n\t\t\tclass=\"so-widget-sow-headline so-widget-sow-headline-default-16416ed94f93-144\"\n\t\t\t\n\t\t><div class=\"sow-headline-container \">\n\t\t\t\t\t\t\t<h2 class=\"sow-headline\">\n\t\t\t\t\t\tTrainings<br \/>&amp; Workshops\t\t\t\t\t\t<\/h2>\n\t\t\t\t\t\t<\/div>\n<\/div><\/div><\/div><div id=\"panel-144-1-0-1\" class=\"so-panel widget widget_sow-editor panel-last-child\" data-index=\"2\" ><div\n\t\t\t\n\t\t\tclass=\"so-widget-sow-editor so-widget-sow-editor-base\"\n\t\t\t\n\t\t>\n<div class=\"siteorigin-widget-tinymce textwidget\">\n\t<ul>\n<li>Compet\u00eancia intercultural \/ comunica\u00e7\u00e3o<\/li>\n<li>Semin\u00e1rios online \u2013 digitali\u00e7\u00e3o no mundo laboral<\/li>\n<li>Entrenamentos n\u00e1 \u00e1rea de forma\u00e7\u00e3o profissional<\/li>\n<li>Gerenciamento de conflitos<\/li>\n<li>Gerenciamento de comunica\u00e7\u00e3o e conversa\u00e7\u00e3o<\/li>\n<li>Treinnamentos espec\u00edficos para Alemanha, Am\u00e9rica Latina, India, China, Cor\u00e9ias do Sul<\/li>\n<li>Diversidade cultural e migra\u00e7\u00e3o<\/li>\n<li><span style=\"color: #ff0000;\"><strong>Entre em contato para mais informa\u00e7\u00f5es<\/strong><\/span><\/li>\n<\/ul>\n<\/div>\n<\/div><\/div><\/div><div id=\"pgc-144-1-1\"  class=\"panel-grid-cell\" ><div id=\"panel-144-1-1-0\" class=\"so-panel widget widget_sow-headline panel-first-child\" data-index=\"3\" ><div class=\"panel-widget-style panel-widget-style-for-144-1-1-0\" ><div\n\t\t\t\n\t\t\tclass=\"so-widget-sow-headline so-widget-sow-headline-default-16416ed94f93-144\"\n\t\t\t\n\t\t><div class=\"sow-headline-container \">\n\t\t\t\t\t\t\t<h2 class=\"sow-headline\">\n\t\t\t\t\t\tDesenvolvimento<br \/>organizacional\t\t\t\t\t\t<\/h2>\n\t\t\t\t\t\t<\/div>\n<\/div><\/div><\/div><div id=\"panel-144-1-1-1\" class=\"so-panel widget widget_sow-editor panel-last-child\" data-index=\"4\" ><div\n\t\t\t\n\t\t\tclass=\"so-widget-sow-editor so-widget-sow-editor-base\"\n\t\t\t\n\t\t>\n<div class=\"siteorigin-widget-tinymce textwidget\">\n\t<ul>\n<li>Gest\u00e3o de RH<\/li>\n<li>Gest\u00e3o de Recursos Humanos e Estrat\u00e9gia de RH<\/li>\n<li>Igualdade de Oportunidade e Diversidade<\/li>\n<li>Entrenamentos para funcion\u00e1rios<\/li>\n<li><span style=\"color: #ff0000;\"><strong>Entre em contato para mais informa\u00e7\u00f5es<\/strong><\/span><\/li>\n<\/ul>\n<\/div>\n<\/div><\/div><\/div><div id=\"pgc-144-1-2\"  class=\"panel-grid-cell\" ><div id=\"panel-144-1-2-0\" class=\"so-panel widget widget_sow-headline panel-first-child\" data-index=\"5\" ><div class=\"panel-widget-style panel-widget-style-for-144-1-2-0\" ><div\n\t\t\t\n\t\t\tclass=\"so-widget-sow-headline so-widget-sow-headline-default-16416ed94f93-144\"\n\t\t\t\n\t\t><div class=\"sow-headline-container \">\n\t\t\t\t\t\t\t<h2 class=\"sow-headline\">\n\t\t\t\t\t\tGest\u00e3o em<br \/>sa\u00fade ocupacional\t\t\t\t\t\t<\/h2>\n\t\t\t\t\t\t<\/div>\n<\/div><\/div><\/div><div id=\"panel-144-1-2-1\" class=\"so-panel widget widget_sow-editor panel-last-child\" data-index=\"6\" ><div\n\t\t\t\n\t\t\tclass=\"so-widget-sow-editor so-widget-sow-editor-base\"\n\t\t\t\n\t\t>\n<div class=\"siteorigin-widget-tinymce textwidget\">\n\t<ul>\n<li>Treinamentos intercultural para m\u00e9dicos<\/li>\n<li>Estrat\u00e9gias de lidar com o estresse no mundo laboral<\/li>\n<li>Avali\u00e7\u00e3o de risco de estresse (GBU)<\/li>\n<li><span style=\"color: #ff0000;\"><strong>Entre em contato para mais informa\u00e7\u00f5es<\/strong><\/span><\/li>\n<\/ul>\n<\/div>\n<\/div><\/div><\/div><\/div><\/div>","protected":false},"excerpt":{"rendered":"<p>Compet\u00eancia intercultural \/ comunica\u00e7\u00e3o Semin\u00e1rios online \u2013 digitali\u00e7\u00e3o no mundo laboral Entrenamentos n\u00e1 \u00e1rea de forma\u00e7\u00e3o profissional Gerenciamento de conflitos Gerenciamento de comunica\u00e7\u00e3o e conversa\u00e7\u00e3o Treinnamentos espec\u00edficos para Alemanha, Am\u00e9rica Latina, India, China, Cor\u00e9ias do Sul Diversidade cultural e migra\u00e7\u00e3o Entre em contato para mais informa\u00e7\u00f5es Gest\u00e3o de RH Gest\u00e3o de Recursos Humanos e Estrat\u00e9gia &hellip; <a href=\"https:\/\/www.mundospartners.de\/pt-br\/portfolio\/\">more<\/a><\/p>\n","protected":false},"author":2,"featured_media":0,"parent":0,"menu_order":30,"comment_status":"closed","ping_status":"closed","template":"","meta":{"footnotes":""},"class_list":["post-144","page","type-page","status-publish","hentry"],"_links":{"self":[{"href":"https:\/\/www.mundospartners.de\/pt-br\/wp-json\/wp\/v2\/pages\/144","targetHints":{"allow":["GET"]}}],"collection":[{"href":"https:\/\/www.mundospartners.de\/pt-br\/wp-json\/wp\/v2\/pages"}],"about":[{"href":"https:\/\/www.mundospartners.de\/pt-br\/wp-json\/wp\/v2\/types\/page"}],"author":[{"embeddable":true,"href":"https:\/\/www.mundospartners.de\/pt-br\/wp-json\/wp\/v2\/users\/2"}],"replies":[{"embeddable":true,"href":"https:\/\/www.mundospartners.de\/pt-br\/wp-json\/wp\/v2\/comments?post=144"}],"version-history":[{"count":60,"href":"https:\/\/www.mundospartners.de\/pt-br\/wp-json\/wp\/v2\/pages\/144\/revisions"}],"predecessor-version":[{"id":2833,"href":"https:\/\/www.mundospartners.de\/pt-br\/wp-json\/wp\/v2\/pages\/144\/revisions\/2833"}],"wp:attachment":[{"href":"https:\/\/www.mundospartners.de\/pt-br\/wp-json\/wp\/v2\/media?parent=144"}],"curies":[{"name":"wp","href":"https:\/\/api.w.org\/{rel}","templated":true}]}}