{"id":152,"date":"2015-02-12T02:57:27","date_gmt":"2015-02-12T01:57:27","guid":{"rendered":"https:\/\/www.mundospartners.de\/ueber-uns-2\/"},"modified":"2025-03-14T15:29:57","modified_gmt":"2025-03-14T14:29:57","slug":"sobre-nosotros","status":"publish","type":"page","link":"https:\/\/www.mundospartners.de\/es\/sobre-nosotros\/","title":{"rendered":"Sobre nosotros"},"content":{"rendered":"<div id=\"pl-152\"  class=\"panel-layout\" ><div id=\"pg-152-0\"  class=\"panel-grid panel-no-style\" ><div id=\"pgc-152-0-0\"  class=\"panel-grid-cell\" ><div id=\"panel-152-0-0-0\" class=\"so-panel widget widget_main-visual panel-first-child panel-last-child\" data-index=\"0\" ><div\n\t\t\t\n\t\t\tclass=\"so-widget-main-visual so-widget-main-visual-style-7083ee25ac32-152\"\n\t\t\t\n\t\t><div class=\"main-visual\"><div class=\"main-visual-aspectratio\"><\/div>\n  <div class=\"main-visual-text\">\n    <p>Promover la cooperaci\u00f3n internacional<\/p>  <\/div>\n<\/div>\n<\/div><\/div><\/div><\/div><div id=\"pg-152-1\"  class=\"panel-grid panel-no-style\" ><div id=\"pgc-152-1-0\"  class=\"panel-grid-cell\" ><div id=\"panel-152-1-0-0\" class=\"so-panel widget widget_sow-image panel-first-child\" data-index=\"1\" ><div class=\"panel-widget-style panel-widget-style-for-152-1-0-0\" ><div\n\t\t\t\n\t\t\tclass=\"so-widget-sow-image so-widget-sow-image-default-64047dd420f0-152\"\n\t\t\t\n\t\t>\n<div class=\"sow-image-container\">\n\t\t<img \n\tsrc=\"https:\/\/www.mundospartners.de\/wp-content\/uploads\/2020\/03\/TeamCarolinaNEU.jpg\" width=\"261\" height=\"259\" srcset=\"https:\/\/www.mundospartners.de\/wp-content\/uploads\/2020\/03\/TeamCarolinaNEU.jpg 261w, https:\/\/www.mundospartners.de\/wp-content\/uploads\/2020\/03\/TeamCarolinaNEU-150x150.jpg 150w\" sizes=\"(max-width: 261px) 100vw, 261px\" title=\"Carolina Butto Zarzar\" alt=\"Carolina\" \t\tclass=\"so-widget-image\"\/>\n\t<\/div>\n\n<\/div><\/div><\/div><div id=\"panel-152-1-0-1\" class=\"so-panel widget widget_sow-editor\" data-index=\"2\" ><div\n\t\t\t\n\t\t\tclass=\"so-widget-sow-editor so-widget-sow-editor-base\"\n\t\t\t\n\t\t><h2 class=\"widget-title\">Carolina Butto Zarzar<\/h2>\n<div class=\"siteorigin-widget-tinymce textwidget\">\n\t<ul>\n<li>Maestr\u00eda en Soci\u00f3loga\u00a0 (Ruprecht-Karls-Universidad de Heidelberg)<\/li>\n<li>Licenciatura en Pedagog\u00eda (Universidade Cat\u00f3lica de Pernambuco \u2013 UNICAP, Brasil)<\/li>\n<\/ul>\n<h3>Enfoque de pa\u00edses: Alemania y Am\u00e9rica Latina<\/h3>\n<\/div>\n<\/div><\/div><div id=\"panel-152-1-0-2\" class=\"so-panel widget widget_sow-editor panel-last-child\" data-index=\"3\" ><div\n\t\t\t\n\t\t\tclass=\"so-widget-sow-editor so-widget-sow-editor-base\"\n\t\t\t\n\t\t><h2 class=\"widget-title\">Areas de trabajo:<\/h2>\n<div class=\"siteorigin-widget-tinymce textwidget\">\n\t<ul>\n<li>Desarrollo organizacional internacional<\/li>\n<li>Consultor\u00eda de procesos empresariales<\/li>\n<li>Especialista en desarrollo gerencial<\/li>\n<li>Competencia intercultural \/ comunicaci\u00f3n<\/li>\n<li>Formaci\u00f3n profesional y digitalizaci\u00f3n<\/li>\n<li>Supervisi\u00f3n<\/li>\n<li>Gesti\u00f3n de Salud<\/li>\n<li>Autora de diversas publicaciones<\/li>\n<\/ul>\n<\/div>\n<\/div><\/div><\/div><div id=\"pgc-152-1-1\"  class=\"panel-grid-cell\" ><div id=\"panel-152-1-1-0\" class=\"so-panel widget widget_sow-image panel-first-child\" data-index=\"4\" ><div\n\t\t\t\n\t\t\tclass=\"so-widget-sow-image so-widget-sow-image-default-64047dd420f0-152\"\n\t\t\t\n\t\t>\n<div class=\"sow-image-container\">\n\t\t<img \n\tsrc=\"https:\/\/www.mundospartners.de\/wp-content\/uploads\/2020\/03\/TeamHaraldNEU.jpg\" width=\"261\" height=\"259\" srcset=\"https:\/\/www.mundospartners.de\/wp-content\/uploads\/2020\/03\/TeamHaraldNEU.jpg 261w, https:\/\/www.mundospartners.de\/wp-content\/uploads\/2020\/03\/TeamHaraldNEU-150x150.jpg 150w\" sizes=\"(max-width: 261px) 100vw, 261px\" title=\"Harald Wolfram Klein\" alt=\"Harald\" \t\tclass=\"so-widget-image\"\/>\n\t<\/div>\n\n<\/div><\/div><div id=\"panel-152-1-1-1\" class=\"so-panel widget widget_sow-editor\" data-index=\"5\" ><div\n\t\t\t\n\t\t\tclass=\"so-widget-sow-editor so-widget-sow-editor-base\"\n\t\t\t\n\t\t><h2 class=\"widget-title\">Harald Wolfram Klein<\/h2>\n<div class=\"siteorigin-widget-tinymce textwidget\">\n\t<ul>\n<li>Dipl. Ing. Ingerier\u00eda mec\u00e1nica (FH Karlsruhe)<\/li>\n<\/ul>\n<h3>Enfoque de pa\u00eds: Alemania<\/h3>\n<\/div>\n<\/div><\/div><div id=\"panel-152-1-1-2\" class=\"so-panel widget widget_sow-editor panel-last-child\" data-index=\"6\" ><div\n\t\t\t\n\t\t\tclass=\"so-widget-sow-editor so-widget-sow-editor-base\"\n\t\t\t\n\t\t><h2 class=\"widget-title\">Areas te trabajo:<\/h2>\n<div class=\"siteorigin-widget-tinymce textwidget\">\n\t<ul>\n<li>Desarrollo de recursos humanos<\/li>\n<li>Entrenamiento y Coaching<\/li>\n<li>Gesti\u00f3n de recursos humanos<\/li>\n<li>Econom\u00eda de recursos humanos<\/li>\n<li>Gesti\u00f3n de la diversidad cultural<\/li>\n<li>Autor de diversas publicaciones<\/li>\n<\/ul>\n<\/div>\n<\/div><\/div><\/div><\/div><div id=\"pg-152-2\"  class=\"panel-grid panel-no-style\" ><div id=\"pgc-152-2-0\"  class=\"panel-grid-cell\" ><div id=\"panel-152-2-0-0\" class=\"so-panel widget widget_sow-headline panel-first-child panel-last-child\" data-index=\"7\" ><div\n\t\t\t\n\t\t\tclass=\"so-widget-sow-headline so-widget-sow-headline-default-35c2583c5dca-152\"\n\t\t\t\n\t\t><div class=\"sow-headline-container \">\n\t\t\t\t\t\t\t<h2 class=\"sow-headline\">\n\t\t\t\t\t\tPublikationen \u201eKarriere machen \u2013 Beruflich vorankommen mit den F\u00fcnf-Punkte-Plan\u201c von Harald Wolfram Klein &amp; Carolina Butto Zarzar  \t\t\t\t\t\t<\/h2>\n\t\t\t\t\t\t<\/div>\n<\/div><\/div><\/div><\/div><div id=\"pg-152-3\"  class=\"panel-grid panel-no-style\" ><div id=\"pgc-152-3-0\"  class=\"panel-grid-cell\" ><div id=\"panel-152-3-0-0\" class=\"so-panel widget widget_sow-image panel-first-child panel-last-child\" data-index=\"8\" ><div\n\t\t\t\n\t\t\tclass=\"so-widget-sow-image so-widget-sow-image-default-8b5b6f678277-152\"\n\t\t\t\n\t\t>\n<div class=\"sow-image-container\">\n\t\t<img \n\tsrc=\"https:\/\/www.mundospartners.de\/wp-content\/uploads\/2020\/03\/BuchKarriere.png\" width=\"207\" height=\"314\" srcset=\"https:\/\/www.mundospartners.de\/wp-content\/uploads\/2020\/03\/BuchKarriere.png 207w, https:\/\/www.mundospartners.de\/wp-content\/uploads\/2020\/03\/BuchKarriere-198x300.png 198w\" sizes=\"(max-width: 207px) 100vw, 207px\" title=\"Buch &#8211; Karriere machen\" alt=\"Buch - Karriere machen\" \t\tclass=\"so-widget-image\"\/>\n\t<\/div>\n\n<\/div><\/div><\/div><div id=\"pgc-152-3-1\"  class=\"panel-grid-cell\" ><div id=\"panel-152-3-1-0\" class=\"so-panel widget widget_sow-editor panel-first-child\" data-index=\"9\" ><div\n\t\t\t\n\t\t\tclass=\"so-widget-sow-editor so-widget-sow-editor-base\"\n\t\t\t\n\t\t>\n<div class=\"siteorigin-widget-tinymce textwidget\">\n\t<\/div>\n<\/div><\/div><div id=\"panel-152-3-1-1\" class=\"so-panel widget widget_sow-button panel-last-child\" data-index=\"10\" ><div\n\t\t\t\n\t\t\tclass=\"so-widget-sow-button so-widget-sow-button-atom-24c56a000d30-152\"\n\t\t\t\n\t\t><div class=\"ow-button-base ow-button-align-left\"\n>\n\t\t\t<a\n\t\t\t\t\thref=\"https:\/\/shop.haufe.de\/prod\/karriere-machen\"\n\t\t\t\t\tclass=\"sowb-button ow-icon-placement-left ow-button-hover\" \t>\n\t\t<span>\n\t\t\t<span class=\"sow-icon-fontawesome sow-fas\" data-sow-icon=\"&#xf218;\"\n\t\tstyle=\"\" \n\t\taria-hidden=\"true\"><\/span>\n\t\t\tPide el libro\t\t<\/span>\n\t\t\t<\/a>\n\t<\/div>\n<\/div><\/div><\/div><\/div><div id=\"pg-152-4\"  class=\"panel-grid panel-no-style\" ><div id=\"pgc-152-4-0\"  class=\"panel-grid-cell panel-grid-cell-mobile-last\" ><div id=\"panel-152-4-0-0\" class=\"so-panel widget widget_sow-image panel-first-child\" data-index=\"11\" ><div\n\t\t\t\n\t\t\tclass=\"so-widget-sow-image so-widget-sow-image-default-15be6fc1a39e-152\"\n\t\t\t\n\t\t>\n<div class=\"sow-image-container\">\n\t\t<img \n\tsrc=\"https:\/\/www.mundospartners.de\/wp-content\/uploads\/2020\/03\/TeamKalpanaNEU.jpg\" width=\"261\" height=\"259\" srcset=\"https:\/\/www.mundospartners.de\/wp-content\/uploads\/2020\/03\/TeamKalpanaNEU.jpg 261w, https:\/\/www.mundospartners.de\/wp-content\/uploads\/2020\/03\/TeamKalpanaNEU-150x150.jpg 150w\" sizes=\"(max-width: 261px) 100vw, 261px\" title=\"Kalpana Padmanabha\" alt=\"Kalpana\" \t\tclass=\"so-widget-image\"\/>\n\t<\/div>\n\n<\/div><\/div><div id=\"panel-152-4-0-1\" class=\"so-panel widget widget_sow-editor\" data-index=\"12\" ><div\n\t\t\t\n\t\t\tclass=\"so-widget-sow-editor so-widget-sow-editor-base\"\n\t\t\t\n\t\t><h2 class=\"widget-title\">Kalpana Padmanabha<\/h2>\n<div class=\"siteorigin-widget-tinymce textwidget\">\n\t<ul>\n<li>Administradora de empresas con especializaci\u00f3n en gesti\u00f3n internacional \u2013 Universidad Friedrich Alexander Erlangen-Nuremberg<\/li>\n<\/ul>\n<h3>Pa\u00edses de enfoque: Alemania e India<\/h3>\n<\/div>\n<\/div><\/div><div id=\"panel-152-4-0-2\" class=\"so-panel widget widget_sow-editor panel-last-child\" data-index=\"13\" ><div\n\t\t\t\n\t\t\tclass=\"so-widget-sow-editor so-widget-sow-editor-base\"\n\t\t\t\n\t\t><h2 class=\"widget-title\">Areas de trabajo:<\/h2>\n<div class=\"siteorigin-widget-tinymce textwidget\">\n\t<ul>\n<li>Gesti\u00f3n de proyectos comerciales<\/li>\n<li>Informe de planta de control<\/li>\n<li>Conciencia Intercultural \u2013 Alemania \u2013 India<\/li>\n<li>Consultor\u00eda para expatriados de la India<\/li>\n<li>Asesoramiento de empresas y organizaciones<\/li>\n<li>Consultor\u00eda empresarial y formaci\u00f3n intercultural<\/li>\n<\/ul>\n<\/div>\n<\/div><\/div><\/div><div id=\"pgc-152-4-1\"  class=\"panel-grid-cell panel-grid-cell-empty\" ><\/div><\/div><\/div>","protected":false},"excerpt":{"rendered":"<p>Maestr\u00eda en Soci\u00f3loga\u00a0 (Ruprecht-Karls-Universidad de Heidelberg) Licenciatura en Pedagog\u00eda (Universidade Cat\u00f3lica de Pernambuco \u2013 UNICAP, Brasil) Enfoque de pa\u00edses: Alemania y Am\u00e9rica Latina Desarrollo organizacional internacional Consultor\u00eda de procesos empresariales Especialista en desarrollo gerencial Competencia intercultural \/ comunicaci\u00f3n Formaci\u00f3n profesional y digitalizaci\u00f3n Supervisi\u00f3n Gesti\u00f3n de Salud Autora de diversas publicaciones Dipl. Ing. Ingerier\u00eda mec\u00e1nica (FH &hellip; <a href=\"https:\/\/www.mundospartners.de\/es\/sobre-nosotros\/\">more<\/a><\/p>\n","protected":false},"author":2,"featured_media":0,"parent":0,"menu_order":10,"comment_status":"closed","ping_status":"closed","template":"","meta":{"footnotes":""},"class_list":["post-152","page","type-page","status-publish","hentry"],"_links":{"self":[{"href":"https:\/\/www.mundospartners.de\/es\/wp-json\/wp\/v2\/pages\/152","targetHints":{"allow":["GET"]}}],"collection":[{"href":"https:\/\/www.mundospartners.de\/es\/wp-json\/wp\/v2\/pages"}],"about":[{"href":"https:\/\/www.mundospartners.de\/es\/wp-json\/wp\/v2\/types\/page"}],"author":[{"embeddable":true,"href":"https:\/\/www.mundospartners.de\/es\/wp-json\/wp\/v2\/users\/2"}],"replies":[{"embeddable":true,"href":"https:\/\/www.mundospartners.de\/es\/wp-json\/wp\/v2\/comments?post=152"}],"version-history":[{"count":151,"href":"https:\/\/www.mundospartners.de\/es\/wp-json\/wp\/v2\/pages\/152\/revisions"}],"predecessor-version":[{"id":2963,"href":"https:\/\/www.mundospartners.de\/es\/wp-json\/wp\/v2\/pages\/152\/revisions\/2963"}],"wp:attachment":[{"href":"https:\/\/www.mundospartners.de\/es\/wp-json\/wp\/v2\/media?parent=152"}],"curies":[{"name":"wp","href":"https:\/\/api.w.org\/{rel}","templated":true}]}}