{"id":149,"date":"2015-02-12T02:58:45","date_gmt":"2015-02-12T01:58:45","guid":{"rendered":"https:\/\/www.mundospartners.de\/referenzen-2\/"},"modified":"2018-12-03T15:32:20","modified_gmt":"2018-12-03T14:32:20","slug":"referenzen","status":"publish","type":"page","link":"https:\/\/www.mundospartners.de\/es\/referenzen\/","title":{"rendered":"Referencias"},"content":{"rendered":"<div id=\"pl-149\"  class=\"panel-layout\" ><div id=\"pg-149-0\"  class=\"panel-grid panel-no-style\" ><div id=\"pgc-149-0-0\"  class=\"panel-grid-cell\" ><div id=\"panel-149-0-0-0\" class=\"so-panel widget widget_main-visual panel-first-child panel-last-child\" data-index=\"0\" ><div\n\t\t\t\n\t\t\tclass=\"so-widget-main-visual so-widget-main-visual-style-3b73c76ec501-149\"\n\t\t\t\n\t\t><div class=\"main-visual\"><div class=\"main-visual-aspectratio\"><\/div>\n  <div class=\"main-visual-text\">\n      <\/div>\n<\/div>\n<\/div><\/div><\/div><\/div><div id=\"pg-149-1\"  class=\"panel-grid panel-no-style\" ><div id=\"pgc-149-1-0\"  class=\"panel-grid-cell\" ><div id=\"panel-149-1-0-0\" class=\"so-panel widget widget_black-studio-tinymce widget_black_studio_tinymce panel-first-child panel-last-child\" data-index=\"1\" ><div class=\"textwidget\"><h1>Nuestras Referencias (ejemplos)<\/h1>\n<ul>\n<li>Daimler AG - Mercedes Benz<\/li>\n<li>IVECO Magirus AG<\/li>\n<li>GIZ Deutsche Gesellschaft f\u00fcr Internationale Zusammenarbeit<\/li>\n<li>AIZ Akademie f\u00fcr Internationale Zusammenarbeit<\/li>\n<li>IVECO Magirus AG<\/li>\n<li>IHK - Federaci\u00f3n de C\u00e1maras Alemanas de Comercio e Ind\u00fastrie<\/li>\n<li>Confedera\u00e7\u00e3o Nacional da Ind\u00fastria no Brasil CNI - SESI, SENAI, IEL em Curitiba, Paran\u00e1, Vit\u00f3ria do Esp\u00edritu Santo e Goi\u00e2nia, Goi\u00e1s (GIZ).<\/li>\n<li>KIT - Karlsruher Institut f\u00fcr Technologie<\/li>\n<li>Engagement Global - Service f\u00fcr Entwicklungsinitiative gGmbH<\/li>\n<li>DKSM gGmbH<\/li>\n<li>Stiftung des Deutschen Instituts f\u00fcr Katastrophenmedizin<\/li>\n<li>Caritas Verband<\/li>\n<li>Universit\u00e4tsklinikum Hamburg-Eppendorf UKE \u2013 Institut f\u00fcr medizinische Soziologie<\/li>\n<li>Universidad de Karlsruhe,\u00a0Neu-Ulm, Worms<\/li>\n<li>Municipalidad de la ciudad de Stuttgart, Ulm,\u00a0\u00a0Mainz<\/li>\n<li>KEK - Karlsruher Energie- und Klimaschutzagentur gGmbH<\/li>\n<li>AOK \u2013 Ulm\/Biberach<\/li>\n<\/ul>\n<\/div><\/div><\/div><\/div><\/div>","protected":false},"excerpt":{"rendered":"<p>Nuestras Referencias (ejemplos) Daimler AG &#8211; Mercedes Benz IVECO Magirus AG GIZ Deutsche Gesellschaft f\u00fcr Internationale Zusammenarbeit AIZ Akademie f\u00fcr Internationale Zusammenarbeit IVECO Magirus AG IHK &#8211; Federaci\u00f3n de C\u00e1maras Alemanas de Comercio e Ind\u00fastrie Confedera\u00e7\u00e3o Nacional da Ind\u00fastria no Brasil CNI &#8211; SESI, SENAI, IEL em Curitiba, Paran\u00e1, Vit\u00f3ria do Esp\u00edritu Santo e Goi\u00e2nia, &hellip; <a href=\"https:\/\/www.mundospartners.de\/es\/referenzen\/\">more<\/a><\/p>\n","protected":false},"author":2,"featured_media":0,"parent":0,"menu_order":40,"comment_status":"closed","ping_status":"closed","template":"","meta":{"footnotes":""},"class_list":["post-149","page","type-page","status-publish","hentry"],"_links":{"self":[{"href":"https:\/\/www.mundospartners.de\/es\/wp-json\/wp\/v2\/pages\/149","targetHints":{"allow":["GET"]}}],"collection":[{"href":"https:\/\/www.mundospartners.de\/es\/wp-json\/wp\/v2\/pages"}],"about":[{"href":"https:\/\/www.mundospartners.de\/es\/wp-json\/wp\/v2\/types\/page"}],"author":[{"embeddable":true,"href":"https:\/\/www.mundospartners.de\/es\/wp-json\/wp\/v2\/users\/2"}],"replies":[{"embeddable":true,"href":"https:\/\/www.mundospartners.de\/es\/wp-json\/wp\/v2\/comments?post=149"}],"version-history":[{"count":20,"href":"https:\/\/www.mundospartners.de\/es\/wp-json\/wp\/v2\/pages\/149\/revisions"}],"predecessor-version":[{"id":2103,"href":"https:\/\/www.mundospartners.de\/es\/wp-json\/wp\/v2\/pages\/149\/revisions\/2103"}],"wp:attachment":[{"href":"https:\/\/www.mundospartners.de\/es\/wp-json\/wp\/v2\/media?parent=149"}],"curies":[{"name":"wp","href":"https:\/\/api.w.org\/{rel}","templated":true}]}}