{"id":134,"date":"2015-02-12T03:00:22","date_gmt":"2015-02-12T02:00:22","guid":{"rendered":"https:\/\/www.mundospartners.de\/impressum-2\/"},"modified":"2020-03-29T18:19:55","modified_gmt":"2020-03-29T16:19:55","slug":"impressum","status":"publish","type":"page","link":"https:\/\/www.mundospartners.de\/es\/impressum\/","title":{"rendered":"Aviso Legal"},"content":{"rendered":"<div id=\"pl-134\"  class=\"panel-layout\" ><div id=\"pg-134-0\"  class=\"panel-grid panel-no-style\" ><div id=\"pgc-134-0-0\"  class=\"panel-grid-cell\" ><div id=\"panel-134-0-0-0\" class=\"so-panel widget widget_main-visual panel-first-child panel-last-child\" data-index=\"0\" ><div\n\t\t\t\n\t\t\tclass=\"so-widget-main-visual so-widget-main-visual-style-f5ff3fd077b9-134\"\n\t\t\t\n\t\t><div class=\"main-visual\"><div class=\"main-visual-aspectratio\"><\/div>\n  <div class=\"main-visual-text\">\n      <\/div>\n<\/div>\n<\/div><\/div><\/div><\/div><div id=\"pg-134-1\"  class=\"panel-grid panel-no-style\" ><div id=\"pgc-134-1-0\"  class=\"panel-grid-cell\" ><div id=\"panel-134-1-0-0\" class=\"so-panel widget widget_black-studio-tinymce widget_black_studio_tinymce panel-first-child panel-last-child\" data-index=\"1\" ><div class=\"textwidget\"><h1>Carolina Butto Zarzar <small>Maestr\u00eda en Sociolog\u00eda y Licenciatura en Pedagog\u00eda<br \/>\n<\/small><\/h1>\n<p>Alter Schlachthof 33 | 76131 Karlsruhe | mobile +49 170 73 42 433<br \/>\n<a href=\"mailto:buttozarzar@mundospartners.de\">buttozarzar@mundospartners.de<\/a><br \/>\nwww.mundospartners.de<\/p>\n<p>35059\/07532<br \/>\nIDNr. Stpfl.: 71906632<br \/>\nResponsable por los contenidos de con el \u00a7 5 del contrato estatal de los servicios de comunicaci\u00f3n, MDStV: Carolina Butto Zarzar<br \/>\nFuetes gr\u00e1ficas: Carolina Butto Zarzar<br \/>\nWebdesign: Carolin Zarske, Karlsruhe<br \/>\nProgramaci\u00f3n de p\u00e1gina web: SaaS Web Internet Solutions GmbH<br \/>\nProtecci\u00f3n de datos personales<br \/>\nLa visita a esta p\u00e1gina sin indicar datos personales est\u00e1, en principio, autorizada. En la medida en que las prestaciones ofrecidas suponen el ingreso de datos personales de los usuarios, tales como el nombre, el domicilio y el correo electr\u00f3nico, ser\u00e1n los propios usuarios quienes determinen voluntariamente si llevan o no a cabo este ingreso. El traspaso de estos datos a terceros para fines comerciales o no comerciales requiere de la autorizaci\u00f3n expresa del usuario. Al visitar el sitio web puede adem\u00e1s, quedar registrada informaci\u00f3n relacionada con el acceso ( fecha, hora y p\u00e1gina visitada), la cual no forma parte de los datas de car\u00e1cter personal y se usar\u00e1 de forma an\u00f3nima y exclusivamente para fines estad\u00edsticos. Se advierte que la trasmisi\u00f3n de datos por internet puede presentar vac\u00edos de seguridad, siendo imposible garantizar una protecci\u00f3n total de los datos contra el acceso de terceros. Nos oponemos expresamante a que los datos publicados en virtud de la obligaci\u00f3n de aviso legal sean usados por terceros para el env\u00edo de publicidad o informaci\u00f3n no solicitadas expresamente. Los responsables de esta p\u00e1gina se reservan el derecho de promover acciones legales en caso de trasmisi\u00f3n de sus datos o de env\u00edo no deseado de publicidad, como el que se realiza a trav\u00e9s de spam etc.<\/p>\n<p><iframe loading=\"lazy\" style=\"border: 0;\" src=\"https:\/\/analytics.saasweb.net\/index.php?module=CustomOptOut&amp;action=optOut&amp;idSite=125&amp;language=de\" width=\"100%\" height=\"300\"><\/iframe><\/p>\n<\/div><\/div><\/div><\/div><\/div>","protected":false},"excerpt":{"rendered":"<p>Carolina Butto Zarzar Maestr\u00eda en Sociolog\u00eda y Licenciatura en Pedagog\u00eda Alter Schlachthof 33 | 76131 Karlsruhe | mobile +49 170 73 42 433 buttozarzar@mundospartners.de www.mundospartners.de 35059\/07532 IDNr. Stpfl.: 71906632 Responsable por los contenidos de con el \u00a7 5 del contrato estatal de los servicios de comunicaci\u00f3n, MDStV: Carolina Butto Zarzar Fuetes gr\u00e1ficas: Carolina Butto Zarzar &hellip; <a href=\"https:\/\/www.mundospartners.de\/es\/impressum\/\">more<\/a><\/p>\n","protected":false},"author":2,"featured_media":0,"parent":0,"menu_order":90,"comment_status":"closed","ping_status":"closed","template":"","meta":{"footnotes":""},"class_list":["post-134","page","type-page","status-publish","hentry"],"_links":{"self":[{"href":"https:\/\/www.mundospartners.de\/es\/wp-json\/wp\/v2\/pages\/134","targetHints":{"allow":["GET"]}}],"collection":[{"href":"https:\/\/www.mundospartners.de\/es\/wp-json\/wp\/v2\/pages"}],"about":[{"href":"https:\/\/www.mundospartners.de\/es\/wp-json\/wp\/v2\/types\/page"}],"author":[{"embeddable":true,"href":"https:\/\/www.mundospartners.de\/es\/wp-json\/wp\/v2\/users\/2"}],"replies":[{"embeddable":true,"href":"https:\/\/www.mundospartners.de\/es\/wp-json\/wp\/v2\/comments?post=134"}],"version-history":[{"count":11,"href":"https:\/\/www.mundospartners.de\/es\/wp-json\/wp\/v2\/pages\/134\/revisions"}],"predecessor-version":[{"id":2789,"href":"https:\/\/www.mundospartners.de\/es\/wp-json\/wp\/v2\/pages\/134\/revisions\/2789"}],"wp:attachment":[{"href":"https:\/\/www.mundospartners.de\/es\/wp-json\/wp\/v2\/media?parent=134"}],"curies":[{"name":"wp","href":"https:\/\/api.w.org\/{rel}","templated":true}]}}