{"id":148,"date":"2015-02-12T02:58:45","date_gmt":"2015-02-12T01:58:45","guid":{"rendered":"https:\/\/www.mundospartners.de\/referenzen-2\/"},"modified":"2018-12-03T15:08:16","modified_gmt":"2018-12-03T14:08:16","slug":"referenzen","status":"publish","type":"page","link":"https:\/\/www.mundospartners.de\/en\/referenzen\/","title":{"rendered":"References"},"content":{"rendered":"<div id=\"pl-148\"  class=\"panel-layout\" ><div id=\"pg-148-0\"  class=\"panel-grid panel-no-style\" ><div id=\"pgc-148-0-0\"  class=\"panel-grid-cell\" ><div id=\"panel-148-0-0-0\" class=\"so-panel widget widget_main-visual panel-first-child panel-last-child\" data-index=\"0\" ><div\n\t\t\t\n\t\t\tclass=\"so-widget-main-visual so-widget-main-visual-style-3b73c76ec501-148\"\n\t\t\t\n\t\t><div class=\"main-visual\"><div class=\"main-visual-aspectratio\"><\/div>\n  <div class=\"main-visual-text\">\n      <\/div>\n<\/div>\n<\/div><\/div><\/div><\/div><div id=\"pg-148-1\"  class=\"panel-grid panel-no-style\" ><div id=\"pgc-148-1-0\"  class=\"panel-grid-cell\" ><div id=\"panel-148-1-0-0\" class=\"so-panel widget widget_black-studio-tinymce widget_black_studio_tinymce panel-first-child panel-last-child\" data-index=\"1\" ><div class=\"textwidget\"><h1>References<\/h1>\n<ul>\n<li>Daimler AG<\/li>\n<li>IVECO Magirus AG<\/li>\n<li>GIZ Deutsche Gesellschaft f\u00fcr Internationale Zusammenarbeit GmbH<\/li>\n<li>AIZ Akademie f\u00fcr Internationale Zusammenarbeit<\/li>\n<li>IHK Chamber of Commerce and Industry Karlsruhe<\/li>\n<li>Confedera\u00e7\u00e3o Nacional da Ind\u00fastria no Brasil CNI - SESI, SENAI, IEL em Curitiba, Paran\u00e1, Vit\u00f3ria do Esp\u00edritu Santo e Goi\u00e2nia, Goi\u00e1s (GIZ)<\/li>\n<li>KIT Karlsruhe Institute of Technology<\/li>\n<li>Engagement Global - Service for Development Initiatives<\/li>\n<li>DKSM<\/li>\n<li>Stiftung des Deutschen Instituts f\u00fcr Katastrophenmedizin<\/li>\n<li>Caritas Verband<\/li>\n<li>Universit\u00e4tsklinikum Hamburg-Eppendorf (UKE)<\/li>\n<li>University of Applied Sciences Karlsruhe, Neu-Ulm, Worms<\/li>\n<li>Stadt Stuttgart, Stadt Ulm, Stadt Mainz<\/li>\n<li>Karlsruher Energie- und Klimaschutzagentur (KEK) gGmbH<\/li>\n<li>AOK\u00a0 Ulm-Biberach<\/li>\n<\/ul>\n<\/div><\/div><\/div><\/div><\/div>","protected":false},"excerpt":{"rendered":"<p>References Daimler AG IVECO Magirus AG GIZ Deutsche Gesellschaft f\u00fcr Internationale Zusammenarbeit GmbH AIZ Akademie f\u00fcr Internationale Zusammenarbeit IHK Chamber of Commerce and Industry Karlsruhe Confedera\u00e7\u00e3o Nacional da Ind\u00fastria no Brasil CNI &#8211; SESI, SENAI, IEL em Curitiba, Paran\u00e1, Vit\u00f3ria do Esp\u00edritu Santo e Goi\u00e2nia, Goi\u00e1s (GIZ) KIT Karlsruhe Institute of Technology Engagement Global &#8211; &hellip; <a href=\"https:\/\/www.mundospartners.de\/en\/referenzen\/\">more<\/a><\/p>\n","protected":false},"author":2,"featured_media":0,"parent":0,"menu_order":40,"comment_status":"closed","ping_status":"closed","template":"","meta":{"footnotes":""},"class_list":["post-148","page","type-page","status-publish","hentry"],"_links":{"self":[{"href":"https:\/\/www.mundospartners.de\/en\/wp-json\/wp\/v2\/pages\/148","targetHints":{"allow":["GET"]}}],"collection":[{"href":"https:\/\/www.mundospartners.de\/en\/wp-json\/wp\/v2\/pages"}],"about":[{"href":"https:\/\/www.mundospartners.de\/en\/wp-json\/wp\/v2\/types\/page"}],"author":[{"embeddable":true,"href":"https:\/\/www.mundospartners.de\/en\/wp-json\/wp\/v2\/users\/2"}],"replies":[{"embeddable":true,"href":"https:\/\/www.mundospartners.de\/en\/wp-json\/wp\/v2\/comments?post=148"}],"version-history":[{"count":26,"href":"https:\/\/www.mundospartners.de\/en\/wp-json\/wp\/v2\/pages\/148\/revisions"}],"predecessor-version":[{"id":2098,"href":"https:\/\/www.mundospartners.de\/en\/wp-json\/wp\/v2\/pages\/148\/revisions\/2098"}],"wp:attachment":[{"href":"https:\/\/www.mundospartners.de\/en\/wp-json\/wp\/v2\/media?parent=148"}],"curies":[{"name":"wp","href":"https:\/\/api.w.org\/{rel}","templated":true}]}}