{"id":145,"date":"2015-02-12T02:59:46","date_gmt":"2015-02-12T01:59:46","guid":{"rendered":"https:\/\/www.mundospartners.de\/publikationen-2\/"},"modified":"2019-09-16T19:11:44","modified_gmt":"2019-09-16T17:11:44","slug":"publikationen","status":"publish","type":"page","link":"https:\/\/www.mundospartners.de\/en\/publikationen\/","title":{"rendered":"Publications"},"content":{"rendered":"<div id=\"pl-145\"  class=\"panel-layout\" ><div id=\"pg-145-0\"  class=\"panel-grid panel-no-style\" ><div id=\"pgc-145-0-0\"  class=\"panel-grid-cell\" ><div id=\"panel-145-0-0-0\" class=\"so-panel widget widget_main-visual panel-first-child panel-last-child\" data-index=\"0\" ><div\n\t\t\t\n\t\t\tclass=\"so-widget-main-visual so-widget-main-visual-style-88ffaa20fcf8-145\"\n\t\t\t\n\t\t><div class=\"main-visual\"><div class=\"main-visual-aspectratio\"><\/div>\n  <div class=\"main-visual-text\">\n      <\/div>\n<\/div>\n<\/div><\/div><\/div><\/div><div id=\"pg-145-1\"  class=\"panel-grid panel-no-style\" ><div id=\"pgc-145-1-0\"  class=\"panel-grid-cell\" ><div id=\"panel-145-1-0-0\" class=\"so-panel widget widget_black-studio-tinymce widget_black_studio_tinymce panel-first-child panel-last-child\" data-index=\"1\" ><div class=\"textwidget\"><h1><strong>Publications<\/strong><\/h1>\n<\/div><\/div><\/div><\/div><div id=\"pg-145-2\"  class=\"panel-grid panel-no-style\" ><div id=\"pgc-145-2-0\"  class=\"panel-grid-cell\" ><div id=\"panel-145-2-0-0\" class=\"so-panel widget widget_black-studio-tinymce widget_black_studio_tinymce panel-first-child panel-last-child\" data-index=\"2\" ><div class=\"textwidget\"><h2><span style=\"color: #000000;\"><strong>2018<\/strong><\/span><\/h2>\n<p>&nbsp;<\/p>\n<h2><span style=\"color: #000000;\"><strong>2013<\/strong><\/span><\/h2>\n<\/div><\/div><\/div><div id=\"pgc-145-2-1\"  class=\"panel-grid-cell\" ><div id=\"panel-145-2-1-0\" class=\"so-panel widget widget_black-studio-tinymce widget_black_studio_tinymce panel-first-child panel-last-child\" data-index=\"3\" ><div class=\"textwidget\"><p>Butto Zarzar, Carolina: <strong>Culture Cases Brazil - Being Alien in the mirror of others. <\/strong>Ed. Academy for International Cooperation (AIC). German Society for International Cooperation (GIZ), GmbH, Bonn.<\/p>\n<p>&nbsp;<\/p>\n<p class=\"p1\"><span class=\"s1\">Butto Zarzar, Carolina:<br \/>\n<\/span><strong>\u201eWas ist Diversity? Oder Kann man Vielfalt managen?\u201c<\/strong><br \/>\nSpektrum \u2013 Zeitschrift der Hochschule Ludwigshafen am Rhein (Spektrum 12\/2013)<\/p>\n<p class=\"p1\"><span class=\"s1\">Butto Zarzar, Carolina und Wassmann, Elena:<br \/>\n<\/span><strong>\u201eNeugier, Geduld und Motivation als Voraussetzung f\u00fcr die kulturelle Vielfalt im Alltag\u201c<\/strong><br \/>\nSpektrum- Zeitschrift der Hochschule Ludwigshafen am Rhein<\/p>\n<\/div><\/div><\/div><\/div><div id=\"pg-145-3\"  class=\"panel-grid panel-no-style\" ><div id=\"pgc-145-3-0\"  class=\"panel-grid-cell\" ><div id=\"panel-145-3-0-0\" class=\"so-panel widget widget_black-studio-tinymce widget_black_studio_tinymce panel-first-child panel-last-child\" data-index=\"4\" ><div class=\"textwidget\"><h2><strong><span style=\"color: #000000;\">2012<\/span><\/strong><\/h2>\n<\/div><\/div><\/div><div id=\"pgc-145-3-1\"  class=\"panel-grid-cell\" ><div id=\"panel-145-3-1-0\" class=\"so-panel widget widget_black-studio-tinymce widget_black_studio_tinymce panel-first-child panel-last-child\" data-index=\"5\" ><div class=\"textwidget\"><p class=\"p1\"><span class=\"s1\">Butto Zarzar, Carolina und Klein, Harald:<br \/><\/span><strong>\u201eWarum sind Frauen so wichtig f\u00fcr die Arbeitswelt\u201c<\/strong><br \/>eXperimenta Magazin, Ausgabe Oktober 2012<\/p>\n<\/div><\/div><\/div><\/div><div id=\"pg-145-4\"  class=\"panel-grid panel-no-style\" ><div id=\"pgc-145-4-0\"  class=\"panel-grid-cell\" ><div id=\"panel-145-4-0-0\" class=\"so-panel widget widget_black-studio-tinymce widget_black_studio_tinymce panel-first-child panel-last-child\" data-index=\"6\" ><div class=\"textwidget\"><h2><span style=\"color: #000000;\"><strong>1999<\/strong><\/span><\/h2>\n<\/div><\/div><\/div><div id=\"pgc-145-4-1\"  class=\"panel-grid-cell\" ><div id=\"panel-145-4-1-0\" class=\"so-panel widget widget_black-studio-tinymce widget_black_studio_tinymce panel-first-child panel-last-child\" data-index=\"7\" ><div class=\"textwidget\"><p class=\"p1\"><span class=\"s1\">Butto Zarzar, Carolina:<br \/><\/span><strong>\u201eEvaluierung der Fortbildungen f\u00fcr Berufsplanung und Schulleitung\u201c<\/strong><br \/>Unver\u00f6ffentlichtes Gutachten im Auftrag des Bundesministeriums f\u00fcr wirtschaftliche Zusammenarbeit (BMZ) und der Deutschen Gesellschaft f\u00fcr Internationale Zusammenarbeit (GIZ)<\/p>\n<\/div><\/div><\/div><\/div><div id=\"pg-145-5\"  class=\"panel-grid panel-no-style\" ><div id=\"pgc-145-5-0\"  class=\"panel-grid-cell\" ><div id=\"panel-145-5-0-0\" class=\"so-panel widget widget_black-studio-tinymce widget_black_studio_tinymce panel-first-child panel-last-child\" data-index=\"8\" ><div class=\"textwidget\"><h2><span style=\"color: #000000;\"><strong>1994<\/strong><\/span><\/h2>\n<\/div><\/div><\/div><div id=\"pgc-145-5-1\"  class=\"panel-grid-cell\" ><div id=\"panel-145-5-1-0\" class=\"so-panel widget widget_black-studio-tinymce widget_black_studio_tinymce panel-first-child panel-last-child\" data-index=\"9\" ><div class=\"textwidget\"><p class=\"p1\"><span class=\"s1\">Ambruster, C.\/ Butto Zarzar, C. \/Hirsch, T.:<br \/><\/span><strong>\u201cOhne Entschuldung keine Entwicklung\u201c.<\/strong><br \/>Zeitschrift der Informationsstelle Lateinamerika, Nr. 179, Oktober 1994<\/p>\n<\/div><\/div><\/div><\/div><\/div>","protected":false},"excerpt":{"rendered":"<p>Publications<\/p>\n","protected":false},"author":2,"featured_media":0,"parent":0,"menu_order":70,"comment_status":"closed","ping_status":"closed","template":"","meta":{"footnotes":""},"class_list":["post-145","page","type-page","status-publish","hentry"],"_links":{"self":[{"href":"https:\/\/www.mundospartners.de\/en\/wp-json\/wp\/v2\/pages\/145","targetHints":{"allow":["GET"]}}],"collection":[{"href":"https:\/\/www.mundospartners.de\/en\/wp-json\/wp\/v2\/pages"}],"about":[{"href":"https:\/\/www.mundospartners.de\/en\/wp-json\/wp\/v2\/types\/page"}],"author":[{"embeddable":true,"href":"https:\/\/www.mundospartners.de\/en\/wp-json\/wp\/v2\/users\/2"}],"replies":[{"embeddable":true,"href":"https:\/\/www.mundospartners.de\/en\/wp-json\/wp\/v2\/comments?post=145"}],"version-history":[{"count":26,"href":"https:\/\/www.mundospartners.de\/en\/wp-json\/wp\/v2\/pages\/145\/revisions"}],"predecessor-version":[{"id":2226,"href":"https:\/\/www.mundospartners.de\/en\/wp-json\/wp\/v2\/pages\/145\/revisions\/2226"}],"wp:attachment":[{"href":"https:\/\/www.mundospartners.de\/en\/wp-json\/wp\/v2\/media?parent=145"}],"curies":[{"name":"wp","href":"https:\/\/api.w.org\/{rel}","templated":true}]}}