{"id":133,"date":"2015-02-12T03:00:22","date_gmt":"2015-02-12T02:00:22","guid":{"rendered":"https:\/\/www.mundospartners.de\/impressum-2\/"},"modified":"2020-03-29T18:25:02","modified_gmt":"2020-03-29T16:25:02","slug":"impressum","status":"publish","type":"page","link":"https:\/\/www.mundospartners.de\/en\/impressum\/","title":{"rendered":"imprint"},"content":{"rendered":"<div id=\"pl-133\"  class=\"panel-layout\" ><div id=\"pg-133-0\"  class=\"panel-grid panel-no-style\" ><div id=\"pgc-133-0-0\"  class=\"panel-grid-cell\" ><div id=\"panel-133-0-0-0\" class=\"so-panel widget widget_main-visual panel-first-child panel-last-child\" data-index=\"0\" ><div\n\t\t\t\n\t\t\tclass=\"so-widget-main-visual so-widget-main-visual-style-f5ff3fd077b9-133\"\n\t\t\t\n\t\t><div class=\"main-visual\"><div class=\"main-visual-aspectratio\"><\/div>\n  <div class=\"main-visual-text\">\n      <\/div>\n<\/div>\n<\/div><\/div><\/div><\/div><div id=\"pg-133-1\"  class=\"panel-grid panel-no-style\" ><div id=\"pgc-133-1-0\"  class=\"panel-grid-cell\" ><div id=\"panel-133-1-0-0\" class=\"so-panel widget widget_black-studio-tinymce widget_black_studio_tinymce panel-first-child panel-last-child\" data-index=\"1\" ><div class=\"textwidget\"><h1>Carolina Butto Zarzar\u00a0<small>Soziologin M.A. und Dipl. P\u00e4dagogin<\/small><\/h1>\n<p>Alter Schlachthof 63 | 76131 Karlsruhe | mobile +49 170 73 42 433<br \/>\n<a href=\"mailto:buttozarzar@mundospartners.de\">buttozarzar@mundospartners.de<\/a><br \/>\nwww.mundospartners.de<\/p>\n<p>35059\/07532<br \/>\nIDNr. Stpfl.: 71906632<br \/>\nInhaltlich verantwortlich gem\u00e4\u00df \u00a7 5 MDStV: Carolina Butto Zarzar<\/p>\n<p>Bildquellen: Carolina Butto Zarzar<br \/>\nWebdesign: <a href=\"http:\/\/www.zarske-design.de\/\" target=\"_blank\" rel=\"noopener\">Carolin Zarske, Karlsruhe<\/a><br \/>\nWebprogrammierung: <a href=\"https:\/\/www.saasweb.net\/de\/\" target=\"_blank\" rel=\"noopener\">SaaS Web Internet Solutions GmbH<\/a><\/p>\n<h3>Datenschutz<\/h3>\n<p>Die Nutzung unserer Webseite ist in der Regel ohne Angabe personenbezogener Daten m\u00f6glich. Sofern innerhalb des Internetangebotes personenbezogene Daten (beispielsweise Name, Anschrift oder E-Mail-Adressen) erhoben werden, erfolgt dies, soweit m\u00f6glich, stets auf freiwilliger Basis. Diese Daten werden ohne Ihre ausdr\u00fcckliche Zustimmung nicht an Dritte, zu kommerziellen oder nichtkommerziellen Zwecken, weitergegeben. Durch den Besuch der Website des Anbieters k\u00f6nnen au\u00dferdem Informationen \u00fcber den Zugriff (Datum, Uhrzeit, betrachtete Seite) gespeichert werden. Diese Daten geh\u00f6ren nicht zu den personenbezogenen Daten, sondern sind anonymisiert. Sie werden ausschlie\u00dflich zu statistischen Zwecken ausgewertet. Wir weisen darauf hin, dass die Daten\u00fcbertragung im Internet (z.B. bei der Kommunikation per E-Mail) Sicherheitsl\u00fccken aufweisen kann. Ein l\u00fcckenloser Schutz der Daten vor dem Zugriff durch Dritte ist nicht m\u00f6glich. Der Nutzung von im Rahmen der Impressumspflicht ver\u00f6ffentlichten Kontaktdaten durch Dritte zur \u00dcbersendung von nicht ausdr\u00fccklich angeforderter Werbung und Informationsmaterialien wird hiermit ausdr\u00fccklich widersprochen. Die Betreiber der Seiten behalten sich ausdr\u00fccklich rechtliche Schritte im Falle der Weitergabe ihrer Daten und unverlangten Zusendung von Werbeinformationen, etwa durch Spam-Mails, vor.<\/p>\n<h3>Piwik<\/h3>\n<p>Diese Website benutzt Piwik, eine Open-Source-Software zur statistischen Auswertung der Besucherzugriffe. Piwik verwendet sog. \u201cCookies\u201d, Textdateien, die auf Ihrem Computer gespeichert werden und die eine Analyse der Benutzung der Website durch Sie erm\u00f6glichen. Die durch den Cookie erzeugten Informationen \u00fcber Ihre Benutzung dieses Internetangebotes werden auf dem Server des Anbieters in Frankreich gespeichert. Die IP-Adresse wird sofort nach der Verarbeitung und vor deren Speicherung anonymisiert. Sie k\u00f6nnen die Installation der Cookies durch eine entsprechende Einstellung Ihrer Browser-Software verhindern; wir weisen Sie jedoch darauf hin, dass Sie in diesem Fall gegebenenfalls nicht s\u00e4mtliche Funktionen dieser Website vollumf\u00e4nglich nutzen k\u00f6nnen.<\/p>\n<p><iframe loading=\"lazy\" style=\"border: 0;\" src=\"https:\/\/analytics.saasweb.net\/index.php?module=CustomOptOut&amp;action=optOut&amp;idSite=125&amp;language=de\" width=\"100%\" height=\"300\"><\/iframe><\/p>\n<\/div><\/div><\/div><\/div><\/div>","protected":false},"excerpt":{"rendered":"<p>Carolina Butto Zarzar\u00a0Soziologin M.A. und Dipl. P\u00e4dagogin Alter Schlachthof 63 | 76131 Karlsruhe | mobile +49 170 73 42 433 buttozarzar@mundospartners.de www.mundospartners.de 35059\/07532 IDNr. Stpfl.: 71906632 Inhaltlich verantwortlich gem\u00e4\u00df \u00a7 5 MDStV: Carolina Butto Zarzar Bildquellen: Carolina Butto Zarzar Webdesign: Carolin Zarske, Karlsruhe Webprogrammierung: SaaS Web Internet Solutions GmbH Datenschutz Die Nutzung unserer Webseite ist &hellip; <a href=\"https:\/\/www.mundospartners.de\/en\/impressum\/\">more<\/a><\/p>\n","protected":false},"author":2,"featured_media":0,"parent":0,"menu_order":90,"comment_status":"closed","ping_status":"closed","template":"","meta":{"footnotes":""},"class_list":["post-133","page","type-page","status-publish","hentry"],"_links":{"self":[{"href":"https:\/\/www.mundospartners.de\/en\/wp-json\/wp\/v2\/pages\/133","targetHints":{"allow":["GET"]}}],"collection":[{"href":"https:\/\/www.mundospartners.de\/en\/wp-json\/wp\/v2\/pages"}],"about":[{"href":"https:\/\/www.mundospartners.de\/en\/wp-json\/wp\/v2\/types\/page"}],"author":[{"embeddable":true,"href":"https:\/\/www.mundospartners.de\/en\/wp-json\/wp\/v2\/users\/2"}],"replies":[{"embeddable":true,"href":"https:\/\/www.mundospartners.de\/en\/wp-json\/wp\/v2\/comments?post=133"}],"version-history":[{"count":8,"href":"https:\/\/www.mundospartners.de\/en\/wp-json\/wp\/v2\/pages\/133\/revisions"}],"predecessor-version":[{"id":2793,"href":"https:\/\/www.mundospartners.de\/en\/wp-json\/wp\/v2\/pages\/133\/revisions\/2793"}],"wp:attachment":[{"href":"https:\/\/www.mundospartners.de\/en\/wp-json\/wp\/v2\/media?parent=133"}],"curies":[{"name":"wp","href":"https:\/\/api.w.org\/{rel}","templated":true}]}}